{"id":1391,"date":"2026-01-30T11:14:49","date_gmt":"2026-01-30T10:14:49","guid":{"rendered":"https:\/\/lorajaune.com\/?post_type=product&#038;p=1391"},"modified":"2026-04-01T12:06:47","modified_gmt":"2026-04-01T10:06:47","slug":"coaching-guidance-soin-energetique","status":"publish","type":"product","link":"https:\/\/lorajaune.com\/index.php\/produit\/coaching-guidance-soin-energetique\/","title":{"rendered":"Coaching \/ guidance + soin \u00e9nerg\u00e9tique"},"content":{"rendered":"<div class=\"simplebar-mask\">\n<div class=\"simplebar-offset\">\n<div class=\"simplebar-content-wrapper\" tabindex=\"0\">\n<div class=\"simplebar-content\">\n<div class=\"Z3zhp7CS7tNsCSX6_KJW KtQUtHvVvyq716gdA29c __JJrET9Zts62zw0MIPL\">\n<div class=\"booking-kit_description_b72413f2 booking-kit_description-collapsed_addfbedf booking-kit_description-is-tablet-up_1356ee1f\">\n<div class=\"rich-text-editor_container_e9cafa8a\">\n<div class=\"sXXtx0Zd4r8HbkLP829M NRKE67OV7844tkVKoTHd CrWC9eOWvcAT7s8poayk\" data-container=\"side-panel\">\n<div class=\"lihBzAHFCMUmTOaSIXw1 gygmzlNs4Owoef8R4HS_\">\n<div class=\"pyj8yAsWlxAZ9MNuCyFr sQ9HpLedLbQ3C5yu9CXf p8NtczWCZyZCij4e3kbd\" data-simplebar=\"init\">\n<div class=\"simplebar-wrapper\">\n<div class=\"simplebar-mask\">\n<div class=\"simplebar-offset\">\n<div class=\"simplebar-content-wrapper\" tabindex=\"0\">\n<div class=\"simplebar-content\">\n<div class=\"ZM7BWDnUq9X0iOwSDoYZ AOYL36cV7_6KkBxOU2Ig pLAoLUPqDmOZRTchmNtd\">\n<div class=\"booking-kit_description_b72413f2 booking-kit_description-collapsed_addfbedf booking-kit_description-is-tablet-up_1356ee1f\">\n<div class=\"rich-text-editor_container_e9cafa8a\">\n<div class=\"pyj8yAsWlxAZ9MNuCyFr sQ9HpLedLbQ3C5yu9CXf p8NtczWCZyZCij4e3kbd\" data-simplebar=\"init\">\n<div class=\"simplebar-wrapper\">\n<div class=\"simplebar-mask\">\n<div class=\"simplebar-offset\">\n<div class=\"simplebar-content-wrapper\" tabindex=\"0\">\n<div class=\"simplebar-content\">\n<div class=\"ZM7BWDnUq9X0iOwSDoYZ AOYL36cV7_6KkBxOU2Ig pLAoLUPqDmOZRTchmNtd\">\n<div class=\"booking-kit_description_b72413f2 booking-kit_description-collapsed_addfbedf booking-kit_description-is-tablet-up_1356ee1f\">\n<div class=\"rich-text-editor_container_e9cafa8a\">\n<p><strong><u>D\u00e9tail\u00a0de la s\u00e9ance\u00a0:\u00a0<\/u><\/strong><\/p>\n<p><strong>Cette s\u00e9ance se d\u00e9compose en deux temps :<\/strong><\/p>\n<ul>\n<li><strong>Une premi\u00e8re partie active en coaching ou guidance<\/strong><\/li>\n<li><strong>Une seconde partie plus \u00e9nerg\u00e9tique : Reiki ou recouvrement d&rsquo;\u00e2me.<\/strong><\/li>\n<\/ul>\n<p>Si nous optons pour la s\u00e9ance Reiki : Nous\u00a0irons\u00a0travailler\u00a0sur\u00a0vos\u00a0diff\u00e9rents\u00a0blocages, r\u00e9\u00e9quilibrer\u00a0vos\u00a0chakras\u00a0et\u00a0permettre\u00a0une\u00a0meilleure\u00a0circulation\u00a0des\u00a0\u00e9nergies\u00a0dans\u00a0votre\u00a0corps.<\/p>\n<p>Si nous optons pour la s\u00e9ance de Recouvrement d&rsquo;\u00e2me : Nous irons \u00e0 la rencontre de l&rsquo;\u00e2me \u00e0 l&rsquo;origine de votre blocage et proc\u00e9derons au recouvrement des morceaux d&rsquo;ame qui vont ont \u00e9t\u00e9 vol\u00e9es.<\/p>\n<p>La\u00a0s\u00e9ance\u00a0se\u00a0d\u00e9compose\u00a0en\u00a04\u00a0temps\u00a0:<\/p>\n<ul>\n<li>60min de coaching et\/ou de guidance. En s\u00e9ance de coaching nous allons travailler sur des prises de conscience en lien avec votre probl\u00e9matique. En guidance nous irons interroger l&rsquo;Oracle de l&rsquo;Introspection pour recevoir des r\u00e9ponses \u00e0 vos questions.<\/li>\n<li>5min\u00a0de\u00a0m\u00e9ditation\u00a0pour\u00a0se\u00a0relaxer,\u00a0s&rsquo;ancrer\u00a0et\u00a0\u00eatre\u00a0dans\u00a0de\u00a0bonnes\u00a0disposition\u00a0pour\u00a0recevoir\u00a0le\u00a0soin<\/li>\n<li>40-45min\u00a0de\u00a0soin\u00a0Reiki\u00a0ou recouvrement d&rsquo;\u00e2me<\/li>\n<li>10\u00a0min\u00a0de\u00a0discussion\u00a0sur\u00a0les\u00a0ressentis\u00a0suite\u00a0\u00e0\u00a0cette\u00a0s\u00e9ance\u00a0et\u00a0sur\u00a0la\u00a0suite\u00a0\u00e0\u00a0donner\u00a0(s\u00e9ance\u00a0\u00e0\u00a0reprogrammer)<\/li>\n<\/ul>\n<p>Dur\u00e9e\u00a0:\u00a01h45 \u00e0 2h<\/p>\n<p>Prix\u00a0:\u00a0105\u20ac<\/p>\n<p>R\u00e8glement :<\/p>\n<ul>\n<li>Si s\u00e9ance en visio = Paiement CB via stripe<\/li>\n<li><strong><u>Si s\u00e9ance en cabinet = Paiment en CB ou liquide sur place \/ Merci de taper le code promo \u00ab\u00a0CABINET105\u00a0\u00bb au moment de la r\u00e9servation<\/u><\/strong><\/li>\n<\/ul>\n<p>Pour les RDV en pr\u00e9sentiel, je\u00a0vous\u00a0re\u00e7ois\u00a0\u00e0 mon cabinet situ\u00e9\u00a0au\u00a0<strong>10 avenue du G\u00e9n\u00e9ral de Gaulle, 91260 Juvisy-sur-Orge \u00e0 partir du 14\/04\/26.<\/strong><\/p>\n<p><em>D&rsquo;ici le 14\/04, je vous re\u00e7ois les lundis <u>uniquement<\/u> au centre eKilibre au 19A avenue d&rsquo;Estienne D&rsquo;Orves \u00e0 Juvisy-sur-Orge.<\/em><\/p>\n<p>&#8211;&gt; Les cabinets sont \u00e0 50m de distance l&rsquo;un\u00a0de l&rsquo;autre.<\/p>\n<p>Pour les s\u00e9ances en visio, il vous suffira de cliquer sur le lien google meet attach\u00e9 \u00e0 votre RDV (mail, agenda etc&#8230;)<\/p>\n<p>&nbsp;<\/p>\n<p><em>Le\u00a0praticien\u00a0n\u2019est\u00a0pas\u00a0un\u00a0m\u00e9decin.\u00a0Il\u00a0n\u2019effectue\u00a0aucun\u00a0diagnostic\u00a0et\u00a0ne\u00a0donne\u00a0aucun\u00a0avis\u00a0m\u00e9dical.\u00a0\u200bRecevoir\u00a0un\u00a0soin\u00a0\u00e9nerg\u00e9tique\u00a0ne\u00a0remplace\u00a0en\u00a0aucun\u00a0cas\u00a0un\u00a0traitement\u00a0m\u00e9dical.<\/em><\/p>\n<\/div>\n<\/div>\n<\/div>\n<\/div>\n<\/div>\n<\/div>\n<\/div>\n<\/div>\n<\/div>\n<\/div>\n<\/div>\n<\/div>\n<\/div>\n<\/div>\n<\/div>\n<\/div>\n<\/div>\n<\/div>\n<\/div>\n<\/div>\n<\/div>\n<\/div>\n<\/div>\n<\/div>\n<\/div>\n<\/div>\n<\/div>\n","protected":false},"excerpt":{"rendered":"<p><strong>Coaching \/ guidance + soin \u00e9nerg\u00e9tique (\u00e0 mon cabinet ou \u00e0 distance)<\/strong><\/p>\n<p><strong>Dur\u00e9e : 1h45 \u00e0 2h<\/strong><\/p>\n","protected":false},"featured_media":1041,"comment_status":"open","ping_status":"closed","template":"","meta":{"jetpack_post_was_ever_published":false,"jetpack_publicize_message":"","jetpack_publicize_feature_enabled":true,"jetpack_social_post_already_shared":true,"jetpack_social_options":{"image_generator_settings":{"template":"highway","default_image_id":0,"font":"","enabled":false},"version":2}},"product_brand":[],"product_cat":[102,106,105],"product_tag":[94,109,111,112,110,90,108,88,91],"class_list":{"0":"post-1391","1":"product","2":"type-product","3":"status-publish","4":"has-post-thumbnail","6":"product_cat-seances-de-coaching","7":"product_cat-seances-guidance","8":"product_cat-soins-energetiques-juvisy-sur-orge","9":"product_tag-guidance","10":"product_tag-introspection","11":"product_tag-parcours","12":"product_tag-parcours-introspectif","13":"product_tag-radiesthesie","14":"product_tag-reiki","15":"product_tag-seance","16":"product_tag-soin","17":"product_tag-soin-energetique","19":"first","20":"instock","21":"product-type-external"},"yoast_head":"<!-- This site is optimized with the Yoast SEO plugin v27.3 - https:\/\/yoast.com\/product\/yoast-seo-wordpress\/ -->\n<title>Coaching \/ guidance + soin \u00e9nerg\u00e9tique - L&#039;Ora Jaune<\/title>\n<meta name=\"description\" content=\"Cette s\u00e9ance se d\u00e9compose en deux temps : Une premi\u00e8re partie introspective ou interrogative (coaching - guidance). Un second temps plus propice au calme avec un soin \u00e9nerg\u00e9tique : Reiki ou recouvrement d&#039;\u00e2me.\" \/>\n<meta name=\"robots\" content=\"index, follow, max-snippet:-1, max-image-preview:large, max-video-preview:-1\" \/>\n<link rel=\"canonical\" href=\"https:\/\/lorajaune.com\/index.php\/produit\/coaching-guidance-soin-energetique\/\" \/>\n<meta property=\"og:locale\" content=\"fr_FR\" \/>\n<meta property=\"og:type\" content=\"article\" \/>\n<meta property=\"og:title\" content=\"Coaching \/ guidance + soin \u00e9nerg\u00e9tique - L&#039;Ora Jaune\" \/>\n<meta property=\"og:description\" content=\"Cette s\u00e9ance se d\u00e9compose en deux temps : Une premi\u00e8re partie introspective ou interrogative (coaching - guidance). Un second temps plus propice au calme avec un soin \u00e9nerg\u00e9tique : Reiki ou recouvrement d&#039;\u00e2me.\" \/>\n<meta property=\"og:url\" content=\"https:\/\/lorajaune.com\/index.php\/produit\/coaching-guidance-soin-energetique\/\" \/>\n<meta property=\"og:site_name\" content=\"L&#039;Ora Jaune\" \/>\n<meta property=\"article:publisher\" content=\"https:\/\/www.facebook.com\/profile.php?id=61557948831111\" \/>\n<meta property=\"article:modified_time\" content=\"2026-04-01T10:06:47+00:00\" \/>\n<meta property=\"og:image\" content=\"https:\/\/lorajaune.com\/wp-content\/uploads\/2025\/10\/IMG_4982-2-scaled.jpg\" \/>\n\t<meta property=\"og:image:width\" content=\"1920\" \/>\n\t<meta property=\"og:image:height\" content=\"2560\" \/>\n\t<meta property=\"og:image:type\" content=\"image\/jpeg\" \/>\n<meta name=\"twitter:card\" content=\"summary_large_image\" \/>\n<meta name=\"twitter:label1\" content=\"Dur\u00e9e de lecture estim\u00e9e\" \/>\n\t<meta name=\"twitter:data1\" content=\"3 minutes\" \/>\n<script type=\"application\/ld+json\" class=\"yoast-schema-graph\">{\"@context\":\"https:\\\/\\\/schema.org\",\"@graph\":[{\"@type\":\"WebPage\",\"@id\":\"https:\\\/\\\/lorajaune.com\\\/index.php\\\/produit\\\/coaching-guidance-soin-energetique\\\/\",\"url\":\"https:\\\/\\\/lorajaune.com\\\/index.php\\\/produit\\\/coaching-guidance-soin-energetique\\\/\",\"name\":\"Coaching \\\/ guidance + soin \u00e9nerg\u00e9tique - L&#039;Ora Jaune\",\"isPartOf\":{\"@id\":\"https:\\\/\\\/lorajaune.com\\\/#website\"},\"primaryImageOfPage\":{\"@id\":\"https:\\\/\\\/lorajaune.com\\\/index.php\\\/produit\\\/coaching-guidance-soin-energetique\\\/#primaryimage\"},\"image\":{\"@id\":\"https:\\\/\\\/lorajaune.com\\\/index.php\\\/produit\\\/coaching-guidance-soin-energetique\\\/#primaryimage\"},\"thumbnailUrl\":\"https:\\\/\\\/i0.wp.com\\\/lorajaune.com\\\/wp-content\\\/uploads\\\/2025\\\/10\\\/IMG_4982-2-scaled.jpg?fit=1920%2C2560&ssl=1\",\"datePublished\":\"2026-01-30T10:14:49+00:00\",\"dateModified\":\"2026-04-01T10:06:47+00:00\",\"description\":\"Cette s\u00e9ance se d\u00e9compose en deux temps : Une premi\u00e8re partie introspective ou interrogative (coaching - guidance). Un second temps plus propice au calme avec un soin \u00e9nerg\u00e9tique : Reiki ou recouvrement d'\u00e2me.\",\"breadcrumb\":{\"@id\":\"https:\\\/\\\/lorajaune.com\\\/index.php\\\/produit\\\/coaching-guidance-soin-energetique\\\/#breadcrumb\"},\"inLanguage\":\"fr-FR\",\"potentialAction\":[{\"@type\":\"ReadAction\",\"target\":[\"https:\\\/\\\/lorajaune.com\\\/index.php\\\/produit\\\/coaching-guidance-soin-energetique\\\/\"]}]},{\"@type\":\"ImageObject\",\"inLanguage\":\"fr-FR\",\"@id\":\"https:\\\/\\\/lorajaune.com\\\/index.php\\\/produit\\\/coaching-guidance-soin-energetique\\\/#primaryimage\",\"url\":\"https:\\\/\\\/i0.wp.com\\\/lorajaune.com\\\/wp-content\\\/uploads\\\/2025\\\/10\\\/IMG_4982-2-scaled.jpg?fit=1920%2C2560&ssl=1\",\"contentUrl\":\"https:\\\/\\\/i0.wp.com\\\/lorajaune.com\\\/wp-content\\\/uploads\\\/2025\\\/10\\\/IMG_4982-2-scaled.jpg?fit=1920%2C2560&ssl=1\",\"width\":1920,\"height\":2560},{\"@type\":\"BreadcrumbList\",\"@id\":\"https:\\\/\\\/lorajaune.com\\\/index.php\\\/produit\\\/coaching-guidance-soin-energetique\\\/#breadcrumb\",\"itemListElement\":[{\"@type\":\"ListItem\",\"position\":1,\"name\":\"Accueil\",\"item\":\"https:\\\/\\\/lorajaune.com\\\/\"},{\"@type\":\"ListItem\",\"position\":2,\"name\":\"BOUTIQUE\",\"item\":\"https:\\\/\\\/lorajaune.com\\\/index.php\\\/boutique\\\/\"},{\"@type\":\"ListItem\",\"position\":3,\"name\":\"Coaching \\\/ guidance + soin \u00e9nerg\u00e9tique\"}]},{\"@type\":\"WebSite\",\"@id\":\"https:\\\/\\\/lorajaune.com\\\/#website\",\"url\":\"https:\\\/\\\/lorajaune.com\\\/\",\"name\":\"L'ORA JAUNE\",\"description\":\"Coaching introspectif &amp; soin \u00e9nerg\u00e9tique\",\"potentialAction\":[{\"@type\":\"SearchAction\",\"target\":{\"@type\":\"EntryPoint\",\"urlTemplate\":\"https:\\\/\\\/lorajaune.com\\\/?s={search_term_string}\"},\"query-input\":{\"@type\":\"PropertyValueSpecification\",\"valueRequired\":true,\"valueName\":\"search_term_string\"}}],\"inLanguage\":\"fr-FR\"}]}<\/script>\n<!-- \/ Yoast SEO plugin. -->","yoast_head_json":{"title":"Coaching \/ guidance + soin \u00e9nerg\u00e9tique - L&#039;Ora Jaune","description":"Cette s\u00e9ance se d\u00e9compose en deux temps : Une premi\u00e8re partie introspective ou interrogative (coaching - guidance). Un second temps plus propice au calme avec un soin \u00e9nerg\u00e9tique : Reiki ou recouvrement d'\u00e2me.","robots":{"index":"index","follow":"follow","max-snippet":"max-snippet:-1","max-image-preview":"max-image-preview:large","max-video-preview":"max-video-preview:-1"},"canonical":"https:\/\/lorajaune.com\/index.php\/produit\/coaching-guidance-soin-energetique\/","og_locale":"fr_FR","og_type":"article","og_title":"Coaching \/ guidance + soin \u00e9nerg\u00e9tique - L&#039;Ora Jaune","og_description":"Cette s\u00e9ance se d\u00e9compose en deux temps : Une premi\u00e8re partie introspective ou interrogative (coaching - guidance). Un second temps plus propice au calme avec un soin \u00e9nerg\u00e9tique : Reiki ou recouvrement d'\u00e2me.","og_url":"https:\/\/lorajaune.com\/index.php\/produit\/coaching-guidance-soin-energetique\/","og_site_name":"L&#039;Ora Jaune","article_publisher":"https:\/\/www.facebook.com\/profile.php?id=61557948831111","article_modified_time":"2026-04-01T10:06:47+00:00","og_image":[{"width":1920,"height":2560,"url":"https:\/\/lorajaune.com\/wp-content\/uploads\/2025\/10\/IMG_4982-2-scaled.jpg","type":"image\/jpeg"}],"twitter_card":"summary_large_image","twitter_misc":{"Dur\u00e9e de lecture estim\u00e9e":"3 minutes"},"schema":{"@context":"https:\/\/schema.org","@graph":[{"@type":"WebPage","@id":"https:\/\/lorajaune.com\/index.php\/produit\/coaching-guidance-soin-energetique\/","url":"https:\/\/lorajaune.com\/index.php\/produit\/coaching-guidance-soin-energetique\/","name":"Coaching \/ guidance + soin \u00e9nerg\u00e9tique - L&#039;Ora Jaune","isPartOf":{"@id":"https:\/\/lorajaune.com\/#website"},"primaryImageOfPage":{"@id":"https:\/\/lorajaune.com\/index.php\/produit\/coaching-guidance-soin-energetique\/#primaryimage"},"image":{"@id":"https:\/\/lorajaune.com\/index.php\/produit\/coaching-guidance-soin-energetique\/#primaryimage"},"thumbnailUrl":"https:\/\/i0.wp.com\/lorajaune.com\/wp-content\/uploads\/2025\/10\/IMG_4982-2-scaled.jpg?fit=1920%2C2560&ssl=1","datePublished":"2026-01-30T10:14:49+00:00","dateModified":"2026-04-01T10:06:47+00:00","description":"Cette s\u00e9ance se d\u00e9compose en deux temps : Une premi\u00e8re partie introspective ou interrogative (coaching - guidance). Un second temps plus propice au calme avec un soin \u00e9nerg\u00e9tique : Reiki ou recouvrement d'\u00e2me.","breadcrumb":{"@id":"https:\/\/lorajaune.com\/index.php\/produit\/coaching-guidance-soin-energetique\/#breadcrumb"},"inLanguage":"fr-FR","potentialAction":[{"@type":"ReadAction","target":["https:\/\/lorajaune.com\/index.php\/produit\/coaching-guidance-soin-energetique\/"]}]},{"@type":"ImageObject","inLanguage":"fr-FR","@id":"https:\/\/lorajaune.com\/index.php\/produit\/coaching-guidance-soin-energetique\/#primaryimage","url":"https:\/\/i0.wp.com\/lorajaune.com\/wp-content\/uploads\/2025\/10\/IMG_4982-2-scaled.jpg?fit=1920%2C2560&ssl=1","contentUrl":"https:\/\/i0.wp.com\/lorajaune.com\/wp-content\/uploads\/2025\/10\/IMG_4982-2-scaled.jpg?fit=1920%2C2560&ssl=1","width":1920,"height":2560},{"@type":"BreadcrumbList","@id":"https:\/\/lorajaune.com\/index.php\/produit\/coaching-guidance-soin-energetique\/#breadcrumb","itemListElement":[{"@type":"ListItem","position":1,"name":"Accueil","item":"https:\/\/lorajaune.com\/"},{"@type":"ListItem","position":2,"name":"BOUTIQUE","item":"https:\/\/lorajaune.com\/index.php\/boutique\/"},{"@type":"ListItem","position":3,"name":"Coaching \/ guidance + soin \u00e9nerg\u00e9tique"}]},{"@type":"WebSite","@id":"https:\/\/lorajaune.com\/#website","url":"https:\/\/lorajaune.com\/","name":"L'ORA JAUNE","description":"Coaching introspectif &amp; soin \u00e9nerg\u00e9tique","potentialAction":[{"@type":"SearchAction","target":{"@type":"EntryPoint","urlTemplate":"https:\/\/lorajaune.com\/?s={search_term_string}"},"query-input":{"@type":"PropertyValueSpecification","valueRequired":true,"valueName":"search_term_string"}}],"inLanguage":"fr-FR"}]}},"jetpack_publicize_connections":[],"acf":[],"jetpack_likes_enabled":true,"jetpack_sharing_enabled":true,"_links":{"self":[{"href":"https:\/\/lorajaune.com\/index.php\/wp-json\/wp\/v2\/product\/1391","targetHints":{"allow":["GET"]}}],"collection":[{"href":"https:\/\/lorajaune.com\/index.php\/wp-json\/wp\/v2\/product"}],"about":[{"href":"https:\/\/lorajaune.com\/index.php\/wp-json\/wp\/v2\/types\/product"}],"replies":[{"embeddable":true,"href":"https:\/\/lorajaune.com\/index.php\/wp-json\/wp\/v2\/comments?post=1391"}],"wp:featuredmedia":[{"embeddable":true,"href":"https:\/\/lorajaune.com\/index.php\/wp-json\/wp\/v2\/media\/1041"}],"wp:attachment":[{"href":"https:\/\/lorajaune.com\/index.php\/wp-json\/wp\/v2\/media?parent=1391"}],"wp:term":[{"taxonomy":"product_brand","embeddable":true,"href":"https:\/\/lorajaune.com\/index.php\/wp-json\/wp\/v2\/product_brand?post=1391"},{"taxonomy":"product_cat","embeddable":true,"href":"https:\/\/lorajaune.com\/index.php\/wp-json\/wp\/v2\/product_cat?post=1391"},{"taxonomy":"product_tag","embeddable":true,"href":"https:\/\/lorajaune.com\/index.php\/wp-json\/wp\/v2\/product_tag?post=1391"}],"curies":[{"name":"wp","href":"https:\/\/api.w.org\/{rel}","templated":true}]}}