{"id":1449,"date":"2026-02-16T13:30:32","date_gmt":"2026-02-16T12:30:32","guid":{"rendered":"https:\/\/lorajaune.com\/?post_type=product&#038;p=1449"},"modified":"2026-03-26T18:00:19","modified_gmt":"2026-03-26T17:00:19","slug":"seance-preliminaire-au-parcours-introspectif-offerte","status":"publish","type":"product","link":"https:\/\/lorajaune.com\/index.php\/produit\/seance-preliminaire-au-parcours-introspectif-offerte\/","title":{"rendered":"S\u00e9ance pr\u00e9liminaire au Parcours Introspectif &#8211; OFFERTE"},"content":{"rendered":"<div class=\"booking-kit_description_b72413f2 booking-kit_description-collapsed_addfbedf booking-kit_description-is-tablet-up_1356ee1f\">\n<div class=\"rich-text-editor_container_e9cafa8a\">\n<div class=\"WrdpezlzjKu1CoRihaXS Rb2e9IwsOFiKlSQIX7YA y2BHUjkNYLaMI5GB_dVt\" data-container=\"side-panel\">\n<div class=\"vijtvgyx_9152uGHndeu ij0tkCti5WftuGeyXE84\">\n<div class=\"g4kIX1cEbAUBf5qD2Udt EDtlc0_uFpxiVRZXmgE5 Kp7kkfKOnqzgiL6A7iT9\" data-simplebar=\"init\">\n<div class=\"simplebar-wrapper\">\n<div class=\"simplebar-mask\">\n<div class=\"simplebar-offset\">\n<div class=\"simplebar-content-wrapper\" tabindex=\"0\">\n<div class=\"simplebar-content\">\n<div class=\"Z3zhp7CS7tNsCSX6_KJW KtQUtHvVvyq716gdA29c __JJrET9Zts62zw0MIPL\">\n<div class=\"booking-kit_description_b72413f2 booking-kit_description-collapsed_addfbedf booking-kit_description-is-tablet-up_1356ee1f\">\n<div class=\"rich-text-editor_container_e9cafa8a\">\n<p><strong>S\u00e9ance pr\u00e9liminaire OFFERTE<\/strong><\/p>\n<p>Cette s\u00e9ance fait suite \u00e0 un tirage introspectif (Tirage gratuit sur simple demande via mes r\u00e9seaux sociaux : lorajaune <a href=\"https:\/\/lorajaune.com\/index.php\/inscription-pour-recevoir-votre-tirage-introspectif\/\">ou en cliquant sur ce lien pour remplir le formulaire <\/a>) ou cons\u00e9cutivement \u00e0 un \u00e9change : Prise de contact suite \u00e0 tirage en live etc&#8230;<\/p>\n<p>Cette s\u00e9ance pr\u00e9liminaire a pour but de d\u00e9finir ensemble le contenu de votre parcours introspectif :<\/p>\n<ul>\n<li>Objectif global de votre parcours<\/li>\n<li>Nombre de s\u00e9ances de coaching et\/ou de soins<\/li>\n<li>Etablissement d&rsquo;un contrat de coaching (sans engagement)<\/li>\n<\/ul>\n<p>Sur simple demande \u00e9crite, je vous envoi votre tirage introspectif (via what&rsquo;s app ou r\u00e9seaux sociaux) comprenant :<\/p>\n<ul>\n<li>Un vocal explicatif de votre tirage introspectif<\/li>\n<li>Une photo<\/li>\n<li>Des fiches extraites de mon Oracle avec des question qui ont pour but de faire remonter des blocages \u00e9motionnels<\/li>\n<li>Au besoin une pr\u00e9sentation vid\u00e9o explicative de ma m\u00e9thode introspective<\/li>\n<\/ul>\n<p>Votre travail, suite \u00e0 la r\u00e9ception de ce tirage introspectif, consistera \u00e0 r\u00e9pondre \u00e0 toutes les questions par email et \u00e0 prendre RDV avec moi pour le RDV pr\u00e9liminaire.<\/p>\n<p><em>&#8211;&gt; A cet instant pr\u00e9cis, et si vous d\u00e9cidez de r\u00e9pondre aux questions, vous entamerez d\u00e9j\u00e0 un joli processus d&rsquo;analyse de votre inconscient. Vous commencerez peut-\u00eatre d\u00e9j\u00e0 \u00e0 faire des liens entre certaines situations et certains m\u00e9canismes de d\u00e9fenses.<\/em><\/p>\n<p>Ce travail n&rsquo;est donc pas \u00e0 prendre \u00e0 la l\u00e9g\u00e8re et n\u00e9cessite au moins 1h (d&rsquo;un bloc ou par petit bout).<\/p>\n<\/div>\n<p><strong><u>Quelle est la particularit\u00e9 de l&rsquo;Oracle de l&rsquo;Introspection :<\/u><\/strong><\/p>\n<p>Il est scind\u00e9 en 8 cat\u00e9gories qui vont permettrent de d\u00e9couvrir l&rsquo;origine de certains de vos blocages, mettre en lumi\u00e8re des boucliers de d\u00e9fenses etc &#8230;<\/p>\n<p>Il r\u00e9pond aux questions suivantes :<\/p>\n<ul>\n<li>Sur quel plan ? (cartes mondes \/rose)<\/li>\n<li>A quelle p\u00e9riode ? (Cartes Origine \/ marron)<\/li>\n<li>Dans quelle sph\u00e8re ? (Cartes univers \/ violet)<\/li>\n<li>Quelle blessure ? (Cartes Source \/ bleu)<\/li>\n<li>Quel impact actuellement ? (Cartes Influence \/ jaune)<\/li>\n<li>Quelle action \u00e0 mener ? (Cartes Oeuvre \/ rouge)<\/li>\n<li>Dans quelle temporalit\u00e9 ? (Cartes Existence \/ vert)<\/li>\n<li>Quel soin apporter ? (Cartes Connexion \/ noir)<\/li>\n<\/ul>\n<div class=\"rich-text-editor_container_e9cafa8a\">\n<p><strong>Dur\u00e9e\u00a0:\u00a030min<\/strong><\/p>\n<p><strong>Prix : S\u00e9ance OFFERTE dans le cadre du Parcours Introspectif<\/strong><\/p>\n<p><em>Aucun RDV Pr\u00e9liminaire ne sera honor\u00e9 sans tirage introspectif r\u00e9alis\u00e9 en amont et r\u00e9ponses re\u00e7ues ou prise de contact pr\u00e9alable.<\/em><\/p>\n<p><em>Le\u00a0praticien\u00a0n\u2019est\u00a0pas\u00a0un\u00a0m\u00e9decin.\u00a0Il\u00a0n\u2019effectue\u00a0aucun\u00a0diagnostic\u00a0et\u00a0ne\u00a0donne\u00a0aucun\u00a0avis\u00a0m\u00e9dical.\u00a0\u200bRecevoir\u00a0un\u00a0soin\u00a0\u00e9nerg\u00e9tique\u00a0ne\u00a0remplace\u00a0en\u00a0aucun\u00a0cas\u00a0un\u00a0traitement\u00a0m\u00e9dical.<\/em><\/p>\n<\/div>\n<\/div>\n<\/div>\n<\/div>\n<\/div>\n<\/div>\n<\/div>\n<\/div>\n<\/div>\n<\/div>\n<\/div>\n<\/div>\n<\/div>\n","protected":false},"excerpt":{"rendered":"<p><strong>S\u00e9ance pr\u00e9liminaire en vue d&rsquo;un Parcours Introspectif (en Visio)<\/strong><\/p>\n<p><strong>Dur\u00e9e : 20-30min<\/strong><\/p>\n<p><em>Cette s\u00e9ance ne peut avoir lieu sans avoir pr\u00e9alablement demand\u00e9 votre tirage introspectif et avoir r\u00e9pondu aux question de l&rsquo;Oracle.<\/em><\/p>\n<p><strong><a href=\"https:\/\/lorajaune.com\/index.php\/inscription-pour-recevoir-votre-tirage-introspectif\/\">Inscription en suivant le lien suivant<\/a><\/strong><\/p>\n","protected":false},"featured_media":1058,"comment_status":"open","ping_status":"closed","template":"","meta":{"jetpack_post_was_ever_published":false,"jetpack_publicize_message":"","jetpack_publicize_feature_enabled":true,"jetpack_social_post_already_shared":true,"jetpack_social_options":{"image_generator_settings":{"template":"highway","default_image_id":0,"font":"","enabled":false},"version":2}},"product_brand":[],"product_cat":[102],"product_tag":[123,115,114,113,109,48,116],"class_list":{"0":"post-1449","1":"product","2":"type-product","3":"status-publish","4":"has-post-thumbnail","6":"product_cat-seances-de-coaching","7":"product_tag-a-distance","8":"product_tag-coach","9":"product_tag-coach-de-vie","10":"product_tag-coaching","11":"product_tag-introspection","12":"product_tag-oracle","13":"product_tag-oracle-de-lintrospection","15":"first","16":"instock","17":"product-type-external"},"yoast_head":"<!-- This site is optimized with the Yoast SEO plugin v27.3 - https:\/\/yoast.com\/product\/yoast-seo-wordpress\/ -->\n<title>S\u00e9ance pr\u00e9liminaire au Parcours Introspectif - OFFERTE - L&#039;Ora Jaune<\/title>\n<meta name=\"description\" content=\"S\u00e9ance pr\u00e9liminaire OFFERTE. Cette s\u00e9ance fait suite \u00e0 un tirage introspectif. Elle a pour but de me pr\u00e9senter, de pr\u00e9senter ma m\u00e9thode introspective et de d\u00e9finir ensemble le contenu de votre parcours introspectif. Objectif global de votre parcours - Nombre de s\u00e9ances de coaching et\/ou de soins.\" \/>\n<meta name=\"robots\" content=\"index, follow, max-snippet:-1, max-image-preview:large, max-video-preview:-1\" \/>\n<link rel=\"canonical\" href=\"https:\/\/lorajaune.com\/index.php\/produit\/seance-preliminaire-au-parcours-introspectif-offerte\/\" \/>\n<meta property=\"og:locale\" content=\"fr_FR\" \/>\n<meta property=\"og:type\" content=\"article\" \/>\n<meta property=\"og:title\" content=\"S\u00e9ance pr\u00e9liminaire au Parcours Introspectif - OFFERTE - L&#039;Ora Jaune\" \/>\n<meta property=\"og:description\" content=\"S\u00e9ance pr\u00e9liminaire OFFERTE. Cette s\u00e9ance fait suite \u00e0 un tirage introspectif. Elle a pour but de me pr\u00e9senter, de pr\u00e9senter ma m\u00e9thode introspective et de d\u00e9finir ensemble le contenu de votre parcours introspectif. Objectif global de votre parcours - Nombre de s\u00e9ances de coaching et\/ou de soins.\" \/>\n<meta property=\"og:url\" content=\"https:\/\/lorajaune.com\/index.php\/produit\/seance-preliminaire-au-parcours-introspectif-offerte\/\" \/>\n<meta property=\"og:site_name\" content=\"L&#039;Ora Jaune\" \/>\n<meta property=\"article:publisher\" content=\"https:\/\/www.facebook.com\/profile.php?id=61557948831111\" \/>\n<meta property=\"article:modified_time\" content=\"2026-03-26T17:00:19+00:00\" \/>\n<meta property=\"og:image\" content=\"https:\/\/lorajaune.com\/wp-content\/uploads\/2025\/10\/IMG_5380-scaled.jpg\" \/>\n\t<meta property=\"og:image:width\" content=\"1920\" \/>\n\t<meta property=\"og:image:height\" content=\"2560\" \/>\n\t<meta property=\"og:image:type\" content=\"image\/jpeg\" \/>\n<meta name=\"twitter:card\" content=\"summary_large_image\" \/>\n<meta name=\"twitter:label1\" content=\"Dur\u00e9e de lecture estim\u00e9e\" \/>\n\t<meta name=\"twitter:data1\" content=\"3 minutes\" \/>\n<script type=\"application\/ld+json\" class=\"yoast-schema-graph\">{\"@context\":\"https:\\\/\\\/schema.org\",\"@graph\":[{\"@type\":\"WebPage\",\"@id\":\"https:\\\/\\\/lorajaune.com\\\/index.php\\\/produit\\\/seance-preliminaire-au-parcours-introspectif-offerte\\\/\",\"url\":\"https:\\\/\\\/lorajaune.com\\\/index.php\\\/produit\\\/seance-preliminaire-au-parcours-introspectif-offerte\\\/\",\"name\":\"S\u00e9ance pr\u00e9liminaire au Parcours Introspectif - OFFERTE - L&#039;Ora Jaune\",\"isPartOf\":{\"@id\":\"https:\\\/\\\/lorajaune.com\\\/#website\"},\"primaryImageOfPage\":{\"@id\":\"https:\\\/\\\/lorajaune.com\\\/index.php\\\/produit\\\/seance-preliminaire-au-parcours-introspectif-offerte\\\/#primaryimage\"},\"image\":{\"@id\":\"https:\\\/\\\/lorajaune.com\\\/index.php\\\/produit\\\/seance-preliminaire-au-parcours-introspectif-offerte\\\/#primaryimage\"},\"thumbnailUrl\":\"https:\\\/\\\/i0.wp.com\\\/lorajaune.com\\\/wp-content\\\/uploads\\\/2025\\\/10\\\/IMG_5380-scaled.jpg?fit=1920%2C2560&ssl=1\",\"datePublished\":\"2026-02-16T12:30:32+00:00\",\"dateModified\":\"2026-03-26T17:00:19+00:00\",\"description\":\"S\u00e9ance pr\u00e9liminaire OFFERTE. Cette s\u00e9ance fait suite \u00e0 un tirage introspectif. Elle a pour but de me pr\u00e9senter, de pr\u00e9senter ma m\u00e9thode introspective et de d\u00e9finir ensemble le contenu de votre parcours introspectif. Objectif global de votre parcours - Nombre de s\u00e9ances de coaching et\\\/ou de soins.\",\"breadcrumb\":{\"@id\":\"https:\\\/\\\/lorajaune.com\\\/index.php\\\/produit\\\/seance-preliminaire-au-parcours-introspectif-offerte\\\/#breadcrumb\"},\"inLanguage\":\"fr-FR\",\"potentialAction\":[{\"@type\":\"ReadAction\",\"target\":[\"https:\\\/\\\/lorajaune.com\\\/index.php\\\/produit\\\/seance-preliminaire-au-parcours-introspectif-offerte\\\/\"]}]},{\"@type\":\"ImageObject\",\"inLanguage\":\"fr-FR\",\"@id\":\"https:\\\/\\\/lorajaune.com\\\/index.php\\\/produit\\\/seance-preliminaire-au-parcours-introspectif-offerte\\\/#primaryimage\",\"url\":\"https:\\\/\\\/i0.wp.com\\\/lorajaune.com\\\/wp-content\\\/uploads\\\/2025\\\/10\\\/IMG_5380-scaled.jpg?fit=1920%2C2560&ssl=1\",\"contentUrl\":\"https:\\\/\\\/i0.wp.com\\\/lorajaune.com\\\/wp-content\\\/uploads\\\/2025\\\/10\\\/IMG_5380-scaled.jpg?fit=1920%2C2560&ssl=1\",\"width\":1920,\"height\":2560},{\"@type\":\"BreadcrumbList\",\"@id\":\"https:\\\/\\\/lorajaune.com\\\/index.php\\\/produit\\\/seance-preliminaire-au-parcours-introspectif-offerte\\\/#breadcrumb\",\"itemListElement\":[{\"@type\":\"ListItem\",\"position\":1,\"name\":\"Accueil\",\"item\":\"https:\\\/\\\/lorajaune.com\\\/\"},{\"@type\":\"ListItem\",\"position\":2,\"name\":\"BOUTIQUE\",\"item\":\"https:\\\/\\\/lorajaune.com\\\/index.php\\\/boutique\\\/\"},{\"@type\":\"ListItem\",\"position\":3,\"name\":\"S\u00e9ance pr\u00e9liminaire au Parcours Introspectif &#8211; OFFERTE\"}]},{\"@type\":\"WebSite\",\"@id\":\"https:\\\/\\\/lorajaune.com\\\/#website\",\"url\":\"https:\\\/\\\/lorajaune.com\\\/\",\"name\":\"L'ORA JAUNE\",\"description\":\"Coaching introspectif &amp; soin \u00e9nerg\u00e9tique\",\"potentialAction\":[{\"@type\":\"SearchAction\",\"target\":{\"@type\":\"EntryPoint\",\"urlTemplate\":\"https:\\\/\\\/lorajaune.com\\\/?s={search_term_string}\"},\"query-input\":{\"@type\":\"PropertyValueSpecification\",\"valueRequired\":true,\"valueName\":\"search_term_string\"}}],\"inLanguage\":\"fr-FR\"}]}<\/script>\n<!-- \/ Yoast SEO plugin. -->","yoast_head_json":{"title":"S\u00e9ance pr\u00e9liminaire au Parcours Introspectif - OFFERTE - L&#039;Ora Jaune","description":"S\u00e9ance pr\u00e9liminaire OFFERTE. Cette s\u00e9ance fait suite \u00e0 un tirage introspectif. Elle a pour but de me pr\u00e9senter, de pr\u00e9senter ma m\u00e9thode introspective et de d\u00e9finir ensemble le contenu de votre parcours introspectif. Objectif global de votre parcours - Nombre de s\u00e9ances de coaching et\/ou de soins.","robots":{"index":"index","follow":"follow","max-snippet":"max-snippet:-1","max-image-preview":"max-image-preview:large","max-video-preview":"max-video-preview:-1"},"canonical":"https:\/\/lorajaune.com\/index.php\/produit\/seance-preliminaire-au-parcours-introspectif-offerte\/","og_locale":"fr_FR","og_type":"article","og_title":"S\u00e9ance pr\u00e9liminaire au Parcours Introspectif - OFFERTE - L&#039;Ora Jaune","og_description":"S\u00e9ance pr\u00e9liminaire OFFERTE. Cette s\u00e9ance fait suite \u00e0 un tirage introspectif. Elle a pour but de me pr\u00e9senter, de pr\u00e9senter ma m\u00e9thode introspective et de d\u00e9finir ensemble le contenu de votre parcours introspectif. Objectif global de votre parcours - Nombre de s\u00e9ances de coaching et\/ou de soins.","og_url":"https:\/\/lorajaune.com\/index.php\/produit\/seance-preliminaire-au-parcours-introspectif-offerte\/","og_site_name":"L&#039;Ora Jaune","article_publisher":"https:\/\/www.facebook.com\/profile.php?id=61557948831111","article_modified_time":"2026-03-26T17:00:19+00:00","og_image":[{"width":1920,"height":2560,"url":"https:\/\/lorajaune.com\/wp-content\/uploads\/2025\/10\/IMG_5380-scaled.jpg","type":"image\/jpeg"}],"twitter_card":"summary_large_image","twitter_misc":{"Dur\u00e9e de lecture estim\u00e9e":"3 minutes"},"schema":{"@context":"https:\/\/schema.org","@graph":[{"@type":"WebPage","@id":"https:\/\/lorajaune.com\/index.php\/produit\/seance-preliminaire-au-parcours-introspectif-offerte\/","url":"https:\/\/lorajaune.com\/index.php\/produit\/seance-preliminaire-au-parcours-introspectif-offerte\/","name":"S\u00e9ance pr\u00e9liminaire au Parcours Introspectif - OFFERTE - L&#039;Ora Jaune","isPartOf":{"@id":"https:\/\/lorajaune.com\/#website"},"primaryImageOfPage":{"@id":"https:\/\/lorajaune.com\/index.php\/produit\/seance-preliminaire-au-parcours-introspectif-offerte\/#primaryimage"},"image":{"@id":"https:\/\/lorajaune.com\/index.php\/produit\/seance-preliminaire-au-parcours-introspectif-offerte\/#primaryimage"},"thumbnailUrl":"https:\/\/i0.wp.com\/lorajaune.com\/wp-content\/uploads\/2025\/10\/IMG_5380-scaled.jpg?fit=1920%2C2560&ssl=1","datePublished":"2026-02-16T12:30:32+00:00","dateModified":"2026-03-26T17:00:19+00:00","description":"S\u00e9ance pr\u00e9liminaire OFFERTE. Cette s\u00e9ance fait suite \u00e0 un tirage introspectif. Elle a pour but de me pr\u00e9senter, de pr\u00e9senter ma m\u00e9thode introspective et de d\u00e9finir ensemble le contenu de votre parcours introspectif. Objectif global de votre parcours - Nombre de s\u00e9ances de coaching et\/ou de soins.","breadcrumb":{"@id":"https:\/\/lorajaune.com\/index.php\/produit\/seance-preliminaire-au-parcours-introspectif-offerte\/#breadcrumb"},"inLanguage":"fr-FR","potentialAction":[{"@type":"ReadAction","target":["https:\/\/lorajaune.com\/index.php\/produit\/seance-preliminaire-au-parcours-introspectif-offerte\/"]}]},{"@type":"ImageObject","inLanguage":"fr-FR","@id":"https:\/\/lorajaune.com\/index.php\/produit\/seance-preliminaire-au-parcours-introspectif-offerte\/#primaryimage","url":"https:\/\/i0.wp.com\/lorajaune.com\/wp-content\/uploads\/2025\/10\/IMG_5380-scaled.jpg?fit=1920%2C2560&ssl=1","contentUrl":"https:\/\/i0.wp.com\/lorajaune.com\/wp-content\/uploads\/2025\/10\/IMG_5380-scaled.jpg?fit=1920%2C2560&ssl=1","width":1920,"height":2560},{"@type":"BreadcrumbList","@id":"https:\/\/lorajaune.com\/index.php\/produit\/seance-preliminaire-au-parcours-introspectif-offerte\/#breadcrumb","itemListElement":[{"@type":"ListItem","position":1,"name":"Accueil","item":"https:\/\/lorajaune.com\/"},{"@type":"ListItem","position":2,"name":"BOUTIQUE","item":"https:\/\/lorajaune.com\/index.php\/boutique\/"},{"@type":"ListItem","position":3,"name":"S\u00e9ance pr\u00e9liminaire au Parcours Introspectif &#8211; OFFERTE"}]},{"@type":"WebSite","@id":"https:\/\/lorajaune.com\/#website","url":"https:\/\/lorajaune.com\/","name":"L'ORA JAUNE","description":"Coaching introspectif &amp; soin \u00e9nerg\u00e9tique","potentialAction":[{"@type":"SearchAction","target":{"@type":"EntryPoint","urlTemplate":"https:\/\/lorajaune.com\/?s={search_term_string}"},"query-input":{"@type":"PropertyValueSpecification","valueRequired":true,"valueName":"search_term_string"}}],"inLanguage":"fr-FR"}]}},"jetpack_publicize_connections":[],"acf":[],"jetpack_likes_enabled":true,"jetpack_sharing_enabled":true,"_links":{"self":[{"href":"https:\/\/lorajaune.com\/index.php\/wp-json\/wp\/v2\/product\/1449","targetHints":{"allow":["GET"]}}],"collection":[{"href":"https:\/\/lorajaune.com\/index.php\/wp-json\/wp\/v2\/product"}],"about":[{"href":"https:\/\/lorajaune.com\/index.php\/wp-json\/wp\/v2\/types\/product"}],"replies":[{"embeddable":true,"href":"https:\/\/lorajaune.com\/index.php\/wp-json\/wp\/v2\/comments?post=1449"}],"wp:featuredmedia":[{"embeddable":true,"href":"https:\/\/lorajaune.com\/index.php\/wp-json\/wp\/v2\/media\/1058"}],"wp:attachment":[{"href":"https:\/\/lorajaune.com\/index.php\/wp-json\/wp\/v2\/media?parent=1449"}],"wp:term":[{"taxonomy":"product_brand","embeddable":true,"href":"https:\/\/lorajaune.com\/index.php\/wp-json\/wp\/v2\/product_brand?post=1449"},{"taxonomy":"product_cat","embeddable":true,"href":"https:\/\/lorajaune.com\/index.php\/wp-json\/wp\/v2\/product_cat?post=1449"},{"taxonomy":"product_tag","embeddable":true,"href":"https:\/\/lorajaune.com\/index.php\/wp-json\/wp\/v2\/product_tag?post=1449"}],"curies":[{"name":"wp","href":"https:\/\/api.w.org\/{rel}","templated":true}]}}